{"id":141,"date":"2018-06-29T07:39:56","date_gmt":"2018-06-29T07:39:56","guid":{"rendered":"https:\/\/www.medvjedici.eu\/medvjedici-upoznaju-hrvatsku\/?page_id=141"},"modified":"2024-01-04T10:53:09","modified_gmt":"2024-01-04T10:53:09","slug":"proizvodi","status":"publish","type":"page","link":"https:\/\/www.medvjedici.eu\/medvjedici-upoznaju-hrvatsku\/proizvodi\/","title":{"rendered":"Proizvodi"},"content":{"rendered":"[vc_row][vc_column][mk_image src=&#8221;https:\/\/www.medvjedici.eu\/medvjedici-upoznaju-hrvatsku\/wp-content\/uploads\/sites\/7\/2018\/06\/klek-logo.jpg&#8221; image_size=&#8221;full&#8221;][mk_divider style=&#8221;padding_space&#8221;][\/vc_column][\/vc_row][vc_row][vc_column width=&#8221;1\/2&#8243;][mk_fancy_title color=&#8221;#309b35&#8243; size=&#8221;26&#8243; font_weight=&#8221;bold&#8221; font_family=&#8221;none&#8221;]PROIZVODI[\/mk_fancy_title][\/vc_column][vc_column width=&#8221;1\/2&#8243;][\/vc_column][\/vc_row][vc_row][vc_column width=&#8221;1\/2&#8243;][mk_fancy_title color=&#8221;#dd3333&#8243; size=&#8221;18&#8243; font_family=&#8221;none&#8221;]<a href=\"https:\/\/hlapicevducan.eu\/proizvod\/slikovnica-medvjedici-upoznaju-hrvatsku\/\" target=\"_blank\" rel=\"noopener\">Slikovnica Medvjedi\u0107i Upoznaju Hrvatsku<\/a>[\/mk_fancy_title][mk_image src=&#8221;https:\/\/www.medvjedici.eu\/medvjedici-upoznaju-hrvatsku\/wp-content\/uploads\/sites\/7\/2018\/06\/med-upoz-hr-slikov-1.jpg&#8221; image_size=&#8221;full&#8221; link=&#8221;https:\/\/hlapicevducan.eu\/proizvod\/slikovnica-medvjedici-upoznaju-hrvatsku\/&#8221; target=&#8221;_blank&#8221;][vc_column_text css=&#8221;.vc_custom_1530257903598{margin-bottom: 0px !important;}&#8221;]Medvjedi\u0107i Goranka i Goran, s majkom medvjedicom Gorom ro\u0111eni su i \u017eive na podru\u010dju Gorskog kotara. Nakon \u0161to su upoznali Gorski kotar, krenuli su na put u \u017eelji da bolje upoznaju Hrvatsku. Odlu\u010dili su se na put prema Plitvi\u010dkim jezerima, gdje \u017eive njihovi ro\u0111aci. Otkrijte koja su sve mjesta upoznali na svom putu i \u0161to su sve do\u017eivjeli.[\/vc_column_text][vc_column_text css=&#8221;.vc_custom_1704365595953{margin-bottom: 0px !important;}&#8221;]Slikovnicu mo\u017eete kupiti \u00a0Hlapi\u0107evoj online trgovini na adresi<br \/>\n<a href=\"https:\/\/hlapicevducan.eu\/proizvod\/slikovnica-medvjedici-upoznaju-hrvatsku\/\">hlapicevducan.eu\/proizvod\/slikovnica-medvjedici-upoznaju-hrvatsku\/<\/a>[\/vc_column_text][\/vc_column][vc_column width=&#8221;1\/2&#8243;][mk_fancy_title color=&#8221;#dd3333&#8243; size=&#8221;18&#8243; font_family=&#8221;none&#8221;]<a href=\"https:\/\/hlapicevducan.eu\/proizvod\/bojanka-medvjedici-upoznaju-hrvatsku\/\" target=\"_blank\" rel=\"noopener\">Bojanka Medvjedi\u0107i Upoznaju Hrvatsku<\/a>[\/mk_fancy_title][mk_image src=&#8221;https:\/\/www.medvjedici.eu\/medvjedici-upoznaju-hrvatsku\/wp-content\/uploads\/sites\/7\/2018\/06\/boj-med-upoznaju-hr.jpg&#8221; image_size=&#8221;full&#8221; link=&#8221;https:\/\/hlapicevducan.eu\/proizvod\/bojanka-medvjedici-upoznaju-hrvatsku\/&#8221; target=&#8221;_blank&#8221;][vc_column_text css=&#8221;.vc_custom_1530257997731{margin-bottom: 0px !important;}&#8221;]Bojanka Medvjedi\u0107i upoznaju Hrvatsku sadr\u017ei motive za bojanje iz istoimene slikovnice i mno\u0161tvo \u201cmozgalica\u201d uz koje su zagarantirani sati zabave.[\/vc_column_text][vc_column_text css=&#8221;.vc_custom_1704365607850{margin-bottom: 0px !important;}&#8221;]Slikovnicu mo\u017eete kupiti u Hlapi\u0107evoj online trgovini na adresi<br \/>\n<a href=\"https:\/\/hlapicevducan.eu\/proizvod\/bojanka-medvjedici-upoznaju-hrvatsku\/\">hlapicevducan.eu\/proizvod\/bojanka-medvjedici-upoznaju-hrvatsku\/<\/a>[\/vc_column_text][\/vc_column][\/vc_row]\n","protected":false},"excerpt":{"rendered":"<p>[vc_row][vc_column][mk_image src=&#8221;https:\/\/www.medvjedici.eu\/medvjedici-upoznaju-hrvatsku\/wp-content\/uploads\/sites\/7\/2018\/06\/klek-logo.jpg&#8221; image_size=&#8221;full&#8221;][mk_divider style=&#8221;padding_space&#8221;][\/vc_column][\/vc_row][vc_row][vc_column width=&#8221;1\/2&#8243;][mk_fancy_title color=&#8221;#309b35&#8243; size=&#8221;26&#8243; font_weight=&#8221;bold&#8221; font_family=&#8221;none&#8221;]PROIZVODI[\/mk_fancy_title][\/vc_column][vc_column width=&#8221;1\/2&#8243;][\/vc_column][\/vc_row][vc_row][vc_column width=&#8221;1\/2&#8243;][mk_fancy_title color=&#8221;#dd3333&#8243; size=&#8221;18&#8243; font_family=&#8221;none&#8221;]Slikovnica Medvjedi\u0107i Upoznaju Hrvatsku[\/mk_fancy_title][mk_image src=&#8221;https:\/\/www.medvjedici.eu\/medvjedici-upoznaju-hrvatsku\/wp-content\/uploads\/sites\/7\/2018\/06\/med-upoz-hr-slikov-1.jpg&#8221; image_size=&#8221;full&#8221; link=&#8221;https:\/\/hlapicevducan.eu\/proizvod\/slikovnica-medvjedici-upoznaju-hrvatsku\/&#8221; target=&#8221;_blank&#8221;][vc_column_text css=&#8221;.vc_custom_1530257903598{margin-bottom: 0px !important;}&#8221;]Medvjedi\u0107i Goranka i Goran, s majkom medvjedicom Gorom ro\u0111eni su i \u017eive na podru\u010dju Gorskog kotara. Nakon \u0161to su upoznali Gorski kotar, krenuli su na put u \u017eelji da bolje upoznaju Hrvatsku. [&hellip;]<\/p>\n","protected":false},"author":1,"featured_media":0,"parent":0,"menu_order":0,"comment_status":"closed","ping_status":"closed","template":"","meta":{"footnotes":""},"class_list":["post-141","page","type-page","status-publish","hentry"],"_links":{"self":[{"href":"https:\/\/www.medvjedici.eu\/medvjedici-upoznaju-hrvatsku\/wp-json\/wp\/v2\/pages\/141","targetHints":{"allow":["GET"]}}],"collection":[{"href":"https:\/\/www.medvjedici.eu\/medvjedici-upoznaju-hrvatsku\/wp-json\/wp\/v2\/pages"}],"about":[{"href":"https:\/\/www.medvjedici.eu\/medvjedici-upoznaju-hrvatsku\/wp-json\/wp\/v2\/types\/page"}],"author":[{"embeddable":true,"href":"https:\/\/www.medvjedici.eu\/medvjedici-upoznaju-hrvatsku\/wp-json\/wp\/v2\/users\/1"}],"replies":[{"embeddable":true,"href":"https:\/\/www.medvjedici.eu\/medvjedici-upoznaju-hrvatsku\/wp-json\/wp\/v2\/comments?post=141"}],"version-history":[{"count":12,"href":"https:\/\/www.medvjedici.eu\/medvjedici-upoznaju-hrvatsku\/wp-json\/wp\/v2\/pages\/141\/revisions"}],"predecessor-version":[{"id":186,"href":"https:\/\/www.medvjedici.eu\/medvjedici-upoznaju-hrvatsku\/wp-json\/wp\/v2\/pages\/141\/revisions\/186"}],"wp:attachment":[{"href":"https:\/\/www.medvjedici.eu\/medvjedici-upoznaju-hrvatsku\/wp-json\/wp\/v2\/media?parent=141"}],"curies":[{"name":"wp","href":"https:\/\/api.w.org\/{rel}","templated":true}]}}